{"id":112,"date":"2020-02-26T22:55:58","date_gmt":"2020-02-26T21:55:58","guid":{"rendered":"https:\/\/level8learning.fr\/?page_id=112"},"modified":"2020-03-05T23:51:59","modified_gmt":"2020-03-05T22:51:59","slug":"notre-equipe","status":"publish","type":"page","link":"https:\/\/level8learning.fr\/?page_id=112","title":{"rendered":"Notre \u00e9quipe"},"content":{"rendered":"<p>[et_pb_section fb_built=\u00a0\u00bb1&Prime; custom_padding_last_edited=\u00a0\u00bbon|tablet\u00a0\u00bb admin_label=\u00a0\u00bbOur Guides\u00a0\u00bb _builder_version=\u00a0\u00bb4.2.2&Prime; background_color=\u00a0\u00bbrgba(71,193,193,0.11)\u00a0\u00bb custom_padding=\u00a0\u00bb2px||110px|||\u00a0\u00bb custom_padding_tablet=\u00a0\u00bb60px||60px|\u00a0\u00bb custom_padding_phone=\u00a0\u00bb\u00a0\u00bb][et_pb_row custom_padding_last_edited=\u00a0\u00bbon|tablet\u00a0\u00bb admin_label=\u00a0\u00bbOur Guides Title\u00a0\u00bb _builder_version=\u00a0\u00bb3.25&Prime; background_size=\u00a0\u00bbinitial\u00a0\u00bb background_position=\u00a0\u00bbtop_left\u00a0\u00bb background_repeat=\u00a0\u00bbrepeat\u00a0\u00bb custom_padding=\u00a0\u00bb9px|0px|20px|0px||\u00a0\u00bb custom_padding_tablet=\u00a0\u00bb0px||0px|\u00a0\u00bb custom_padding_phone=\u00a0\u00bb\u00a0\u00bb][et_pb_column type=\u00a0\u00bb4_4&Prime; _builder_version=\u00a0\u00bb3.25&Prime; custom_padding=\u00a0\u00bb|||\u00a0\u00bb custom_padding__hover=\u00a0\u00bb|||\u00a0\u00bb][et_pb_text admin_label=\u00a0\u00bbTeam Title\u00a0\u00bb _builder_version=\u00a0\u00bb4.2.2&Prime; text_font=\u00a0\u00bbRaleway||||||||\u00a0\u00bb text_text_color=\u00a0\u00bb#1a1a1a\u00a0\u00bb header_font=\u00a0\u00bbOswald|on||on|\u00a0\u00bb header_text_align=\u00a0\u00bbcenter\u00a0\u00bb header_font_size=\u00a0\u00bb60px\u00a0\u00bb header_line_height=\u00a0\u00bb1.3em\u00a0\u00bb background_size=\u00a0\u00bbinitial\u00a0\u00bb background_position=\u00a0\u00bbtop_left\u00a0\u00bb background_repeat=\u00a0\u00bbrepeat\u00a0\u00bb module_alignment=\u00a0\u00bbcenter\u00a0\u00bb custom_margin=\u00a0\u00bb10px||-9px|||\u00a0\u00bb custom_padding=\u00a0\u00bb10px|||||\u00a0\u00bb animation_style=\u00a0\u00bbslide\u00a0\u00bb animation_direction=\u00a0\u00bbtop\u00a0\u00bb animation_intensity_slide=\u00a0\u00bb10%\u00a0\u00bb hover_enabled=\u00a0\u00bb0&Prime; locked=\u00a0\u00bboff\u00a0\u00bb]<\/p>\n<h2 style=\"text-align: center;\"><strong>Notre \u00e9quipe de sp\u00e9cialistes des comportements<\/strong><\/h2>\n<p>[\/et_pb_text][\/et_pb_column][\/et_pb_row][et_pb_row column_structure=\u00a0\u00bb1_3,1_3,1_3&Prime; admin_label=\u00a0\u00bbGuides Grid\u00a0\u00bb _builder_version=\u00a0\u00bb3.25&Prime; custom_padding=\u00a0\u00bb4px|0px|40px|0px||\u00a0\u00bb][et_pb_column type=\u00a0\u00bb1_3&Prime; _builder_version=\u00a0\u00bb3.25&Prime; custom_padding=\u00a0\u00bb|||\u00a0\u00bb custom_padding__hover=\u00a0\u00bb|||\u00a0\u00bb][et_pb_blurb title=\u00a0\u00bbMARIE SCHNEIDER\u00a0\u00bb image=\u00a0\u00bbhttps:\/\/level8learning.fr\/wp-content\/uploads\/2020\/03\/Marie.png\u00a0\u00bb image_max_width=\u00a0\u00bb70%\u00a0\u00bb _builder_version=\u00a0\u00bb4.2.2&Prime; header_font=\u00a0\u00bbRaleway|700||on|||||\u00a0\u00bb header_font_size=\u00a0\u00bb24px\u00a0\u00bb body_font=\u00a0\u00bbRaleway||||||||\u00a0\u00bb body_text_color=\u00a0\u00bbrgba(0,0,0,0.6)\u00a0\u00bb animation_style=\u00a0\u00bbzoom\u00a0\u00bb animation_delay=\u00a0\u00bb300ms\u00a0\u00bb animation_intensity_zoom=\u00a0\u00bb10%\u00a0\u00bb border_radii_image=\u00a0\u00bbon|500px|500px|500px|500px\u00a0\u00bb box_shadow_style_image=\u00a0\u00bbpreset1&Prime; locked=\u00a0\u00bboff\u00a0\u00bb]<\/p>\n<p>\u00a0<span style=\"font-size: 16px;\">Apr\u00e8s 17 ans au sein d\u2019un cabinet de\u00a0<\/span><span style=\"font-size: 16px;\">conseil, Marie fonde le cabinet de conseil\u00a0<\/span><span style=\"font-size: 16px;\">en management level8learning puis la\u00a0<\/span><span style=\"font-size: 16px;\">formation Horse Feeling avec Maxime\u00a0<\/span><span style=\"font-size: 16px;\">Baticle.\u00a0<\/span><span style=\"font-size: 16px;\">Sp\u00e9cialis\u00e9e en management collaboratif,\u00a0<\/span><span style=\"font-size: 16px;\">elle apporte aux entreprises des solutions\u00a0<\/span><span style=\"font-size: 16px;\">personnalis\u00e9es.<\/span><\/p>\n<p>[\/et_pb_blurb][\/et_pb_column][et_pb_column type=\u00a0\u00bb1_3&Prime; _builder_version=\u00a0\u00bb3.25&Prime; custom_padding=\u00a0\u00bb|||\u00a0\u00bb custom_padding__hover=\u00a0\u00bb|||\u00a0\u00bb][et_pb_blurb title=\u00a0\u00bbMAXIME BATICLE\u00a0\u00bb image=\u00a0\u00bbhttps:\/\/level8learning.fr\/wp-content\/uploads\/2020\/03\/Maxime.png\u00a0\u00bb image_max_width=\u00a0\u00bb70%\u00a0\u00bb admin_label=\u00a0\u00bbR\u00e9sum\u00e9\u00a0\u00bb _builder_version=\u00a0\u00bb4.2.2&Prime; header_font=\u00a0\u00bbRaleway|700||on|||||\u00a0\u00bb header_font_size=\u00a0\u00bb24px\u00a0\u00bb body_font=\u00a0\u00bbRaleway||||||||\u00a0\u00bb body_text_color=\u00a0\u00bbrgba(0,0,0,0.6)\u00a0\u00bb animation_style=\u00a0\u00bbzoom\u00a0\u00bb animation_intensity_zoom=\u00a0\u00bb10%\u00a0\u00bb border_radii_image=\u00a0\u00bbon|500px|500px|500px|500px\u00a0\u00bb box_shadow_style_image=\u00a0\u00bbpreset1&Prime; locked=\u00a0\u00bboff\u00a0\u00bb]<\/p>\n<p>Educateur \u00e9quin form\u00e9 par Andy Booth,<br \/> Maxime \u00e9duque des jeunes chevaux<br \/> et rattrape l\u2019\u00e9ducation de chevaux en<br \/> difficult\u00e9.<br \/> Dot\u00e9 d\u2019une licence en psychologie sociale<br \/> et d\u2019un master en management, il est le<br \/> co-fondateur de la formation avec Marie<br \/> Schneider.<\/p>\n<p>[\/et_pb_blurb][\/et_pb_column][et_pb_column type=\u00a0\u00bb1_3&Prime; _builder_version=\u00a0\u00bb3.25&Prime; custom_padding=\u00a0\u00bb|||\u00a0\u00bb custom_padding__hover=\u00a0\u00bb|||\u00a0\u00bb][et_pb_blurb title=\u00a0\u00bbMARGOT FREUVALD\u00a0\u00bb image=\u00a0\u00bbhttps:\/\/level8learning.fr\/wp-content\/uploads\/2020\/03\/Margot-1.png\u00a0\u00bb image_max_width=\u00a0\u00bb70%\u00a0\u00bb _builder_version=\u00a0\u00bb4.2.2&Prime; header_font=\u00a0\u00bbRaleway|700||on|||||\u00a0\u00bb header_font_size=\u00a0\u00bb24px\u00a0\u00bb body_font=\u00a0\u00bbRaleway||||||||\u00a0\u00bb body_text_color=\u00a0\u00bbrgba(0,0,0,0.6)\u00a0\u00bb custom_padding=\u00a0\u00bb|||0px||\u00a0\u00bb animation_style=\u00a0\u00bbzoom\u00a0\u00bb animation_intensity_zoom=\u00a0\u00bb10%\u00a0\u00bb border_radii_image=\u00a0\u00bbon|500px|500px|500px|500px\u00a0\u00bb border_color_all_image=\u00a0\u00bb#000000&Prime; box_shadow_style_image=\u00a0\u00bbpreset1&Prime; locked=\u00a0\u00bboff\u00a0\u00bb]<\/p>\n<p>Margot est monitrice d\u2019\u00e9quitation et coach<br \/> de cavaliers Club et Amateurs.<br \/> Elle est \u00e9galement \u00e9ducatrice de jeunes<br \/> chevaux et cavali\u00e8re comp\u00e9titrice de<br \/> concours Amateur de Saut d\u2019Obstacles.<\/p>\n<p>[\/et_pb_blurb][\/et_pb_column][\/et_pb_row][et_pb_row column_structure=\u00a0\u00bb1_3,1_3,1_3&Prime; admin_label=\u00a0\u00bbGuides Grid\u00a0\u00bb _builder_version=\u00a0\u00bb3.25&Prime; custom_margin=\u00a0\u00bb-6px|auto||auto||\u00a0\u00bb custom_padding=\u00a0\u00bb40px|0px|40px|0px\u00a0\u00bb][et_pb_column type=\u00a0\u00bb1_3&Prime; _builder_version=\u00a0\u00bb3.25&Prime; custom_padding=\u00a0\u00bb|||\u00a0\u00bb custom_padding__hover=\u00a0\u00bb|||\u00a0\u00bb][et_pb_blurb title=\u00a0\u00bbNATHANAEL OLLUYN\u00a0\u00bb image=\u00a0\u00bbhttps:\/\/level8learning.fr\/wp-content\/uploads\/2020\/03\/Nathanael-1.png\u00a0\u00bb image_max_width=\u00a0\u00bb70%\u00a0\u00bb _builder_version=\u00a0\u00bb4.2.2&Prime; header_font=\u00a0\u00bbRaleway|700||on|||||\u00a0\u00bb header_font_size=\u00a0\u00bb24px\u00a0\u00bb body_font=\u00a0\u00bbRaleway||||||||\u00a0\u00bb body_text_color=\u00a0\u00bbrgba(0,0,0,0.6)\u00a0\u00bb animation_style=\u00a0\u00bbzoom\u00a0\u00bb animation_intensity_zoom=\u00a0\u00bb10%\u00a0\u00bb border_radii_image=\u00a0\u00bbon|500px|500px|500px|500px\u00a0\u00bb box_shadow_style_image=\u00a0\u00bbpreset1&Prime; locked=\u00a0\u00bboff\u00a0\u00bb]<\/p>\n<p><span style=\"font-size: 16px;\">Instructeur dipl\u00f4m\u00e9 de l\u2019\u00c9cole Nationale\u00a0<\/span><span style=\"font-size: 16px;\">d\u2019\u00c9quitation du Cadre Noir de Saumur,\u00a0<\/span><span style=\"font-size: 16px;\">Nathana\u00ebl est chef d\u2019exploitation, cavalier\u00a0<\/span><span style=\"font-size: 16px;\">et coach en concours (Concours Complet\u00a0<\/span><span style=\"font-size: 16px;\">d&rsquo;Equitation, dressage et Concours de Saut\u00a0<\/span><span style=\"font-size: 16px;\">d&rsquo;Obstacle).<\/span><\/p>\n<p>[\/et_pb_blurb][\/et_pb_column][et_pb_column type=\u00a0\u00bb1_3&Prime; _builder_version=\u00a0\u00bb3.25&Prime; custom_padding=\u00a0\u00bb|||\u00a0\u00bb custom_padding__hover=\u00a0\u00bb|||\u00a0\u00bb][et_pb_blurb title=\u00a0\u00bbVAL\u00c9RIE ROCAGEL\u00a0\u00bb image=\u00a0\u00bbhttps:\/\/level8learning.fr\/wp-content\/uploads\/2020\/03\/Vale\u0301rie-rocagel.png\u00a0\u00bb image_max_width=\u00a0\u00bb70%\u00a0\u00bb _builder_version=\u00a0\u00bb4.2.2&Prime; header_font=\u00a0\u00bbRaleway|700||on|||||\u00a0\u00bb header_font_size=\u00a0\u00bb24px\u00a0\u00bb body_font=\u00a0\u00bbRaleway||||||||\u00a0\u00bb body_text_color=\u00a0\u00bbrgba(0,0,0,0.6)\u00a0\u00bb animation_style=\u00a0\u00bbzoom\u00a0\u00bb animation_delay=\u00a0\u00bb300ms\u00a0\u00bb animation_intensity_zoom=\u00a0\u00bb10%\u00a0\u00bb border_radii_image=\u00a0\u00bbon|500px|500px|500px|500px\u00a0\u00bb box_shadow_style_image=\u00a0\u00bbpreset1&Prime; locked=\u00a0\u00bboff\u00a0\u00bb]<\/p>\n<p>Directrice Talent Management au sein de<br \/> l\u2019Institute of NeuroCognitivism, Val\u00e9rie est<br \/> Executive Coach, praticienne en Hypnose<br \/> et Psycho Energ\u00e9ticienne.<br \/> Elle accompagne les entreprises dans<br \/> l\u2019\u00e9laboration et le d\u00e9ploiement de process<br \/> RH d&rsquo;\u00e9valuation et de d\u00e9veloppement des<br \/> Soft Skills.<\/p>\n<p>[\/et_pb_blurb][\/et_pb_column][et_pb_column type=\u00a0\u00bb1_3&Prime; _builder_version=\u00a0\u00bb3.25&Prime; custom_padding=\u00a0\u00bb|||\u00a0\u00bb custom_padding__hover=\u00a0\u00bb|||\u00a0\u00bb][et_pb_blurb title=\u00a0\u00bbRODOLPHE SOLOVICI\u00a0\u00bb image=\u00a0\u00bbhttps:\/\/level8learning.fr\/wp-content\/uploads\/2020\/03\/Rodolophe.png\u00a0\u00bb image_max_width=\u00a0\u00bb70%\u00a0\u00bb _builder_version=\u00a0\u00bb4.2.2&Prime; header_font=\u00a0\u00bbRaleway|700||on|||||\u00a0\u00bb header_font_size=\u00a0\u00bb24px\u00a0\u00bb body_font=\u00a0\u00bbRaleway||||||||\u00a0\u00bb body_text_color=\u00a0\u00bbrgba(0,0,0,0.6)\u00a0\u00bb custom_padding=\u00a0\u00bb|||0px||\u00a0\u00bb animation_style=\u00a0\u00bbzoom\u00a0\u00bb animation_intensity_zoom=\u00a0\u00bb10%\u00a0\u00bb border_radii_image=\u00a0\u00bbon|500px|500px|500px|500px\u00a0\u00bb border_color_all_image=\u00a0\u00bb#000000&Prime; box_shadow_style_image=\u00a0\u00bbpreset1&Prime; locked=\u00a0\u00bboff\u00a0\u00bb]<\/p>\n<p>\u00a0<span style=\"font-size: 16px;\">Travaillant avec Andy Booth, \u00e9ducateur\u00a0<\/span>\u00e9quin mondialement reconnu, Rodolphe est sp\u00e9cialis\u00e9 dans l&rsquo;apprentissage du jeune cheval et la r\u00e9\u00e9ducation comportementale de chevaux r\u00e9put\u00e9s difficiles.<\/p>\n<p>[\/et_pb_blurb][\/et_pb_column][\/et_pb_row][et_pb_row column_structure=\u00a0\u00bb1_3,1_3,1_3&Prime; admin_label=\u00a0\u00bbGuides Grid\u00a0\u00bb _builder_version=\u00a0\u00bb3.25&Prime; custom_padding=\u00a0\u00bb40px|0px|4px|0px||\u00a0\u00bb][et_pb_column type=\u00a0\u00bb1_3&Prime; _builder_version=\u00a0\u00bb3.25&Prime; custom_padding=\u00a0\u00bb|||\u00a0\u00bb custom_padding__hover=\u00a0\u00bb|||\u00a0\u00bb][et_pb_blurb title=\u00a0\u00bbCHRISTOPHE<br \/>\n PADIOU\u00a0\u00bb image=\u00a0\u00bbhttps:\/\/level8learning.fr\/wp-content\/uploads\/2020\/03\/Christophe-Padioux-1.png\u00a0\u00bb image_max_width=\u00a0\u00bb70%\u00a0\u00bb _builder_version=\u00a0\u00bb4.2.2&Prime; header_font=\u00a0\u00bbRaleway|700||on|||||\u00a0\u00bb header_font_size=\u00a0\u00bb24px\u00a0\u00bb body_font=\u00a0\u00bbRaleway||||||||\u00a0\u00bb body_text_color=\u00a0\u00bbrgba(0,0,0,0.6)\u00a0\u00bb animation_style=\u00a0\u00bbzoom\u00a0\u00bb animation_intensity_zoom=\u00a0\u00bb10%\u00a0\u00bb border_radii_image=\u00a0\u00bbon|500px|500px|500px|500px\u00a0\u00bb box_shadow_style_image=\u00a0\u00bbpreset1&Prime; locked=\u00a0\u00bboff\u00a0\u00bb]<\/p>\n<p>Directeur du p\u00f4le Conseil de l\u2019INC, Christophe est consultant et formateur dans les domaines de la pr\u00e9vention des Risques Psycho Sociaux, de la Qualit\u00e9 de Vie au Travail et du management. Il prend plaisir \u00e0 comprendre le besoin, \u00e0 le traduire en accompagnement, en parcours de formation, orchestrer l\u2019ing\u00e9nierie p\u00e9dagogique pour \u00eatre au plus pr\u00e8s des attentes et v\u00e9cus des participants et \u00e0 animer les formations.<\/p>\n<p>[\/et_pb_blurb][\/et_pb_column][et_pb_column type=\u00a0\u00bb1_3&Prime; _builder_version=\u00a0\u00bb3.25&Prime; custom_padding=\u00a0\u00bb|||\u00a0\u00bb custom_padding__hover=\u00a0\u00bb|||\u00a0\u00bb][et_pb_blurb title=\u00a0\u00bbCLAIRE POINSOT\u00a0\u00bb image=\u00a0\u00bbhttps:\/\/level8learning.fr\/wp-content\/uploads\/2020\/03\/Claire-Poinsot-1.png\u00a0\u00bb image_max_width=\u00a0\u00bb70%\u00a0\u00bb _builder_version=\u00a0\u00bb4.2.2&Prime; header_font=\u00a0\u00bbRaleway|700||on|||||\u00a0\u00bb header_font_size=\u00a0\u00bb24px\u00a0\u00bb body_font=\u00a0\u00bbRaleway||||||||\u00a0\u00bb body_text_color=\u00a0\u00bbrgba(0,0,0,0.6)\u00a0\u00bb animation_style=\u00a0\u00bbzoom\u00a0\u00bb animation_delay=\u00a0\u00bb200ms\u00a0\u00bb animation_intensity_zoom=\u00a0\u00bb10%\u00a0\u00bb border_radii_image=\u00a0\u00bbon|500px|500px|500px|500px\u00a0\u00bb box_shadow_style_image=\u00a0\u00bbpreset1&Prime; locked=\u00a0\u00bboff\u00a0\u00bb]<\/p>\n<p>Claire est titulaire du Master en<br \/> Management de l\u2019EDHEC.<br \/> Egalement licenci\u00e9e en psychologie, elle<br \/> est \u00e9quith\u00e9rapeute et travaille avec des<br \/> enfants et des adultes handicap\u00e9s ou<br \/> fragilis\u00e9s.<\/p>\n<p>[\/et_pb_blurb][\/et_pb_column][et_pb_column type=\u00a0\u00bb1_3&Prime; _builder_version=\u00a0\u00bb3.25&Prime; custom_padding=\u00a0\u00bb|||\u00a0\u00bb custom_padding__hover=\u00a0\u00bb|||\u00a0\u00bb][\/et_pb_column][\/et_pb_row][et_pb_row _builder_version=\u00a0\u00bb4.2.2&Prime; custom_padding=\u00a0\u00bb27px|||||\u00a0\u00bb][et_pb_column type=\u00a0\u00bb4_4&Prime; _builder_version=\u00a0\u00bb4.2.2&Prime;][et_pb_text _builder_version=\u00a0\u00bb4.2.2&Prime; custom_margin=\u00a0\u00bb33px|||||\u00a0\u00bb]<\/p>\n<h3>Une p\u00e9dagogie fond\u00e9e sur l&rsquo;exp\u00e9rimentation<\/h3>\n<p>Chacun \u00e9prouve ses propres pratiques de communication avec l\u2019alliance bienveillante, neutre et incontestable du cheval. L&rsquo;alternance d&rsquo;exercices individuels et collectifs favorise une progression r\u00e9guli\u00e8re et dynamique.<\/p>\n<h3>Le confort et le sentiment de bien-\u00eatre de nos participants favorisent l&rsquo;engagement<\/h3>\n<p><span style=\"font-size: 16px;\">Les participants pratiquent des exercices \u00e0 pied et ne sont pas conduits \u00e0 monter \u00e0 cheval. <\/span><span style=\"font-size: 16px;\">Ils sont accompagn\u00e9s s\u2019ils appr\u00e9hendent le contact avec l&rsquo;animal s&rsquo;int\u00e9grant ainsi rapidement aux exercices.<\/span><\/p>\n<h3>Une p\u00e9dagogie de la r\u00e9ussite<\/h3>\n<p>Chacun est guid\u00e9 jusqu\u2019\u00e0 l\u2019accomplissement de ses propres objectifs gr\u00e2ce aux feedback de ses pairs et des formateurs ainsi que du \u00ab\u00a0biofeedback\u00a0\u00bb du cheval et ce dans les meilleures conditions d\u2019application.<\/p>\n<h3>L&rsquo;int\u00e9gration de l&rsquo;approche neurocognitive (ANC)<\/h3>\n<p class=\"p1\">Au travers d&rsquo;exercices ludiques, l&rsquo;ANC offre une grille de lecture et de d\u00e9codage de la relation entre nos pens\u00e9es, nos \u00e9motions et nos comportements. Lorsqu\u2019ils sont en dissonance, l&rsquo;ANC permet d&rsquo;en mesurer les effets pour soi et pour la relation \u00e0 l&rsquo;autre.<\/p>\n<p>[\/et_pb_text][\/et_pb_column][\/et_pb_row][et_pb_row _builder_version=\u00a0\u00bb4.2.2&Prime;][et_pb_column type=\u00a0\u00bb4_4&Prime; _builder_version=\u00a0\u00bb4.2.2&Prime;][et_pb_image src=\u00a0\u00bbhttps:\/\/level8learning.fr\/wp-content\/uploads\/2020\/03\/Se\u0301ance-ANC-pendant-HF-1.jpg\u00a0\u00bb align=\u00a0\u00bbcenter\u00a0\u00bb _builder_version=\u00a0\u00bb4.2.2&Prime;][\/et_pb_image][\/et_pb_column][\/et_pb_row][\/et_pb_section]<\/p>\n","protected":false},"excerpt":{"rendered":"<p>Notre \u00e9quipe de sp\u00e9cialistes des comportements \u00a0Apr\u00e8s 17 ans au sein d\u2019un cabinet de\u00a0conseil, Marie fonde le cabinet de conseil\u00a0en management level8learning puis la\u00a0formation Horse Feeling avec Maxime\u00a0Baticle.\u00a0Sp\u00e9cialis\u00e9e en management collaboratif,\u00a0elle apporte aux entreprises des solutions\u00a0personnalis\u00e9es.Educateur \u00e9quin form\u00e9 par Andy Booth, Maxime \u00e9duque des jeunes chevaux et rattrape l\u2019\u00e9ducation de chevaux en difficult\u00e9. Dot\u00e9 d\u2019une [&hellip;]<\/p>\n","protected":false},"author":2,"featured_media":0,"parent":0,"menu_order":0,"comment_status":"closed","ping_status":"closed","template":"","meta":{"_et_pb_use_builder":"on","_et_pb_old_content":"","_et_gb_content_width":"","footnotes":""},"class_list":["post-112","page","type-page","status-publish","hentry"],"_links":{"self":[{"href":"https:\/\/level8learning.fr\/index.php?rest_route=\/wp\/v2\/pages\/112","targetHints":{"allow":["GET"]}}],"collection":[{"href":"https:\/\/level8learning.fr\/index.php?rest_route=\/wp\/v2\/pages"}],"about":[{"href":"https:\/\/level8learning.fr\/index.php?rest_route=\/wp\/v2\/types\/page"}],"author":[{"embeddable":true,"href":"https:\/\/level8learning.fr\/index.php?rest_route=\/wp\/v2\/users\/2"}],"replies":[{"embeddable":true,"href":"https:\/\/level8learning.fr\/index.php?rest_route=%2Fwp%2Fv2%2Fcomments&post=112"}],"version-history":[{"count":23,"href":"https:\/\/level8learning.fr\/index.php?rest_route=\/wp\/v2\/pages\/112\/revisions"}],"predecessor-version":[{"id":508,"href":"https:\/\/level8learning.fr\/index.php?rest_route=\/wp\/v2\/pages\/112\/revisions\/508"}],"wp:attachment":[{"href":"https:\/\/level8learning.fr\/index.php?rest_route=%2Fwp%2Fv2%2Fmedia&parent=112"}],"curies":[{"name":"wp","href":"https:\/\/api.w.org\/{rel}","templated":true}]}}