{"id":134,"date":"2020-02-26T23:24:43","date_gmt":"2020-02-26T22:24:43","guid":{"rendered":"https:\/\/level8learning.fr\/?page_id=134"},"modified":"2020-03-05T23:51:16","modified_gmt":"2020-03-05T22:51:16","slug":"evenements","status":"publish","type":"page","link":"https:\/\/level8learning.fr\/?page_id=134","title":{"rendered":"Ev\u00e8nements"},"content":{"rendered":"<p>[et_pb_section fb_built=\u00a0\u00bb1&Prime; _builder_version=\u00a0\u00bb4.2.2&Prime; background_color=\u00a0\u00bbrgba(71,193,193,0.11)\u00a0\u00bb custom_padding=\u00a0\u00bb||361px|||\u00a0\u00bb][et_pb_row _builder_version=\u00a0\u00bb4.2.2&Prime; custom_padding=\u00a0\u00bb18px|||||\u00a0\u00bb][et_pb_column type=\u00a0\u00bb4_4&Prime; _builder_version=\u00a0\u00bb4.2.2&Prime;][et_pb_text _builder_version=\u00a0\u00bb4.2.2&Prime; link_option_url=\u00a0\u00bbhttps:\/\/www.weezevent.com\/demi-journees-decouverte-horsefeeling\u00a0\u00bb]<\/p>\n<h1><span>Ev\u00e9nements :<\/span><\/h1>\n<p>Salon au c\u00f4t\u00e9 de l&rsquo;institut du neurocognitivisme<\/p>\n<p>\u2501\u2501<\/p>\n<p>[\/et_pb_text][\/et_pb_column][\/et_pb_row][et_pb_row column_structure=\u00a0\u00bb1_2,1_2&Prime; _builder_version=\u00a0\u00bb4.2.2&Prime;][et_pb_column type=\u00a0\u00bb1_2&Prime; _builder_version=\u00a0\u00bb4.2.2&Prime;][et_pb_image src=\u00a0\u00bbhttps:\/\/level8learning.fr\/wp-content\/uploads\/2020\/03\/HF-DEC.jpeg\u00a0\u00bb _builder_version=\u00a0\u00bb4.2.2&Prime; border_radii=\u00a0\u00bbon|15px|15px|15px|15px\u00a0\u00bb][\/et_pb_image][\/et_pb_column][et_pb_column type=\u00a0\u00bb1_2&Prime; _builder_version=\u00a0\u00bb4.2.2&Prime;][et_pb_text _builder_version=\u00a0\u00bb4.2.2&Prime; custom_margin=\u00a0\u00bb||14px|||\u00a0\u00bb]<\/p>\n<h2><b>Mars 2020<\/b><\/h2>\n<h4><b>10 mars 2020\u00a0:<\/b><\/h4>\n<p><span style=\"font-weight: 400;\">Demi-journ\u00e9e d\u00e9couverte HorseFeeling de 14h \u00e0 17h30 dans notre haras de Seine et Marne.<\/span><\/p>\n<p><span style=\"font-weight: 400;\">B\u00e9n\u00e9ficiez du tarif\u00a0 -50% \u00ab\u00a0\u00c0 2 c\u2019est mieux\u00a0\u00bb<\/span><\/p>\n<p>[\/et_pb_text][et_pb_button button_url=\u00a0\u00bbhttps:\/\/www.weezevent.com\/demi-journees-decouverte-horsefeeling\u00a0\u00bb button_text=\u00a0\u00bbS&rsquo;inscrire\u00a0\u00bb _builder_version=\u00a0\u00bb4.2.2&Prime;][\/et_pb_button][\/et_pb_column][\/et_pb_row][et_pb_row _builder_version=\u00a0\u00bb4.2.2&Prime;][et_pb_column type=\u00a0\u00bb4_4&Prime; _builder_version=\u00a0\u00bb4.2.2&Prime;][et_pb_divider color=\u00a0\u00bb#cfd8e0&Prime; _builder_version=\u00a0\u00bb4.2.2&Prime;][\/et_pb_divider][\/et_pb_column][\/et_pb_row][et_pb_row column_structure=\u00a0\u00bb1_2,1_2&Prime; _builder_version=\u00a0\u00bb4.2.2&Prime;][et_pb_column type=\u00a0\u00bb1_2&Prime; _builder_version=\u00a0\u00bb4.2.2&Prime;][et_pb_text _builder_version=\u00a0\u00bb4.2.2&Prime; custom_margin=\u00a0\u00bb||16px|||\u00a0\u00bb]<\/p>\n<h4><b>18 mars 2020\u00a0:<\/b><\/h4>\n<p><span style=\"font-weight: 400;\">Invit\u00e9s par notre partenaire l\u2019INC, HorseFeeling, repr\u00e9sent\u00e9 par Maxime animera aux c\u00f4t\u00e9s de Val\u00e9rie Rocagel une conf\u00e9rence\u00a0le 18 mars\u00a0:<\/span><b> \u00ab\u00a0HorseFeeling et neuroscience acc\u00e9l\u00e9rateurs de leadership\u00a0\u00bb.<\/b><\/p>\n<p>[\/et_pb_text][\/et_pb_column][et_pb_column type=\u00a0\u00bb1_2&Prime; _builder_version=\u00a0\u00bb4.2.2&Prime;][et_pb_image src=\u00a0\u00bbhttps:\/\/level8learning.fr\/wp-content\/uploads\/2020\/03\/Capture-d\u2019e\u0301cran-.-2020-02-27-a\u0300-14.41.03.png\u00a0\u00bb _builder_version=\u00a0\u00bb4.2.2&Prime; border_radii=\u00a0\u00bbon|15px|15px|15px|15px\u00a0\u00bb][\/et_pb_image][\/et_pb_column][\/et_pb_row][et_pb_row _builder_version=\u00a0\u00bb4.2.2&Prime;][et_pb_column type=\u00a0\u00bb4_4&Prime; _builder_version=\u00a0\u00bb4.2.2&Prime;][et_pb_divider color=\u00a0\u00bb#cfd8e0&Prime; _builder_version=\u00a0\u00bb4.2.2&Prime;][\/et_pb_divider][\/et_pb_column][\/et_pb_row][et_pb_row column_structure=\u00a0\u00bb1_2,1_2&Prime; _builder_version=\u00a0\u00bb4.2.2&Prime; custom_padding=\u00a0\u00bb26px|||||\u00a0\u00bb][et_pb_column type=\u00a0\u00bb1_2&Prime; _builder_version=\u00a0\u00bb4.2.2&Prime;][et_pb_image src=\u00a0\u00bbhttps:\/\/level8learning.fr\/wp-content\/uploads\/2020\/03\/IMG_C558B4D077E9-1.jpeg\u00a0\u00bb _builder_version=\u00a0\u00bb4.2.2&Prime; custom_margin=\u00a0\u00bb||1px|||\u00a0\u00bb border_radii=\u00a0\u00bbon|15px|15px|15px|15px\u00a0\u00bb][\/et_pb_image][\/et_pb_column][et_pb_column type=\u00a0\u00bb1_2&Prime; _builder_version=\u00a0\u00bb4.2.2&Prime;][et_pb_text _builder_version=\u00a0\u00bb4.2.2&Prime;]<\/p>\n<h2><b>Avril 2020<\/b><\/h2>\n<h4><b>1<\/b><b>er<\/b><b> et 2 avril 2020<\/b><\/h4>\n<p><b>Save ze date\u00a0: 1<\/b><b>er<\/b><b> avril \u00e0 15h \u00ab\u00a0HorseFeeling et neuroscience acc\u00e9l\u00e9rateurs de leadership\u00a0\u00bb.<\/b><\/p>\n<p><span style=\"font-weight: 400;\">Salon du Management au Palais des Congr\u00e8s Paris-Est de Montreuil\u00a0<\/span><\/p>\n<p><span style=\"font-size: 16px;\">Venez nous rencontrer et gagnez des invitations \u00e0 nos s\u00e9ances d\u00e9couverte\u00a0!<\/span><\/p>\n<p>[\/et_pb_text][\/et_pb_column][\/et_pb_row][et_pb_row _builder_version=\u00a0\u00bb4.2.2&Prime;][et_pb_column type=\u00a0\u00bb4_4&Prime; _builder_version=\u00a0\u00bb4.2.2&Prime;][et_pb_divider color=\u00a0\u00bb#cfd8e0&Prime; _builder_version=\u00a0\u00bb4.2.2&Prime;][\/et_pb_divider][\/et_pb_column][\/et_pb_row][et_pb_row column_structure=\u00a0\u00bb1_2,1_2&Prime; _builder_version=\u00a0\u00bb4.2.2&Prime;][et_pb_column type=\u00a0\u00bb1_2&Prime; _builder_version=\u00a0\u00bb4.2.2&Prime;][et_pb_text _builder_version=\u00a0\u00bb4.2.2&Prime;]<\/p>\n<h2><b>Juin 2020<\/b><\/h2>\n<h4><b>4 juin 2020<\/b><\/h4>\n<p><span style=\"font-weight: 400;\">Journ\u00e9e d\u00e9couverte HorseFeeling de 9h30 \u00e0 13h ou de 14h \u00e0 17h30 dans notre haras de Seine et Marne.<\/span><\/p>\n<p><span style=\"font-weight: 400;\">B\u00e9n\u00e9ficiez du tarif\u00a0 -50% \u00ab\u00a0\u00c0 deux c\u2019est mieux\u00a0\u00bb<\/span><\/p>\n<p>[\/et_pb_text][\/et_pb_column][et_pb_column type=\u00a0\u00bb1_2&Prime; _builder_version=\u00a0\u00bb4.2.2&Prime;][et_pb_image src=\u00a0\u00bbhttps:\/\/level8learning.fr\/wp-content\/uploads\/2020\/03\/HF-DEC.jpeg\u00a0\u00bb _builder_version=\u00a0\u00bb4.2.2&Prime; custom_padding=\u00a0\u00bb0px|||||\u00a0\u00bb border_radii=\u00a0\u00bbon|15px|15px|15px|15px\u00a0\u00bb][\/et_pb_image][\/et_pb_column][\/et_pb_row][et_pb_row _builder_version=\u00a0\u00bb4.2.2&Prime; custom_margin=\u00a0\u00bb-56px|auto||auto||\u00a0\u00bb][et_pb_column type=\u00a0\u00bb4_4&Prime; _builder_version=\u00a0\u00bb4.2.2&Prime;][et_pb_button button_url=\u00a0\u00bbhttps:\/\/www.weezevent.com\/demi-journees-decouverte-horsefeeling\u00a0\u00bb button_text=\u00a0\u00bbS&rsquo;inscrire\u00a0\u00bb _builder_version=\u00a0\u00bb4.2.2&Prime;][\/et_pb_button][\/et_pb_column][\/et_pb_row][et_pb_row _builder_version=\u00a0\u00bb4.2.2&Prime;][et_pb_column type=\u00a0\u00bb4_4&Prime; _builder_version=\u00a0\u00bb4.2.2&Prime;][et_pb_divider color=\u00a0\u00bb#cfd8e0&Prime; _builder_version=\u00a0\u00bb4.2.2&Prime;][\/et_pb_divider][\/et_pb_column][\/et_pb_row][et_pb_row _builder_version=\u00a0\u00bb4.2.2&Prime;][et_pb_column type=\u00a0\u00bb4_4&Prime; _builder_version=\u00a0\u00bb4.2.2&Prime;][et_pb_text _builder_version=\u00a0\u00bb4.2.2&Prime;]<\/p>\n<h2>Nos s\u00e9ances d\u00e9couvertes<\/h2>\n<p><span>L\u2019\u00e9quipe Horse Feeling vous accueille au Haras de l\u2019Aubetin chez Xavier Fasquel, \u00e9ducateur de jeunes chevaux et pr\u00e9parateur de chevaux et de cavaliers \u00e0 la comp\u00e9tition de saut d\u2019obstacles.<\/span><\/p>\n<p>[\/et_pb_text][\/et_pb_column][\/et_pb_row][et_pb_row _builder_version=\u00a0\u00bb4.2.2&Prime;][et_pb_column type=\u00a0\u00bb4_4&Prime; _builder_version=\u00a0\u00bb4.2.2&Prime;][et_pb_image src=\u00a0\u00bbhttps:\/\/level8learning.fr\/wp-content\/uploads\/2020\/03\/haras-1.jpg\u00a0\u00bb _builder_version=\u00a0\u00bb4.2.2&Prime;][\/et_pb_image][\/et_pb_column][\/et_pb_row][et_pb_row column_structure=\u00a0\u00bb1_2,1_2&Prime; _builder_version=\u00a0\u00bb4.2.2&Prime;][et_pb_column type=\u00a0\u00bb1_2&Prime; _builder_version=\u00a0\u00bb4.2.2&Prime;][et_pb_image src=\u00a0\u00bbhttps:\/\/level8learning.fr\/wp-content\/uploads\/2020\/03\/Acce\u0300s-Haras.png\u00a0\u00bb _builder_version=\u00a0\u00bb4.2.2&Prime; border_radii=\u00a0\u00bbon|15px|15px|15px|15px\u00a0\u00bb][\/et_pb_image][\/et_pb_column][et_pb_column type=\u00a0\u00bb1_2&Prime; _builder_version=\u00a0\u00bb4.2.2&Prime;][et_pb_text _builder_version=\u00a0\u00bb4.2.2&Prime;]<\/p>\n<p><span>Le Haras se situe en r\u00e9gion parisienne en Seine et Marne, \u00e0 quelques foul\u00e9es de Disneyland et de sa gare TGV et \u00e0 45 mn de la Porte de Bercy.<\/span><\/p>\n<p><span>Cependant, nous sommes en partenariat avec des \u00e9curies r\u00e9pondant aux exigences du respect de l&rsquo;animal et de son environnement en r\u00e9gions et en Suisse.<\/span><\/p>\n<p><span>Les ateliers sont anim\u00e9s sur site, les repas sont pris sur place pr\u00e9par\u00e9s par des traiteurs choisis pour leur respect de l&rsquo;environnement et l&rsquo;utilisation de produits biologiques locaux.<\/span><\/p>\n<p><span>Des choix vari\u00e9s d&rsquo;h\u00e9bergements et de salles de r\u00e9union permettent \u00e0 nos participants de b\u00e9n\u00e9ficier d&rsquo;une session de formation sur plusieurs jours.<\/span><\/p>\n<p>[\/et_pb_text][\/et_pb_column][\/et_pb_row][\/et_pb_section]<\/p>\n","protected":false},"excerpt":{"rendered":"<p>Ev\u00e9nements : Salon au c\u00f4t\u00e9 de l&rsquo;institut du neurocognitivisme \u2501\u2501Mars 2020 10 mars 2020\u00a0: Demi-journ\u00e9e d\u00e9couverte HorseFeeling de 14h \u00e0 17h30 dans notre haras de Seine et Marne. B\u00e9n\u00e9ficiez du tarif\u00a0 -50% \u00ab\u00a0\u00c0 2 c\u2019est mieux\u00a0\u00bb18 mars 2020\u00a0: Invit\u00e9s par notre partenaire l\u2019INC, HorseFeeling, repr\u00e9sent\u00e9 par Maxime animera aux c\u00f4t\u00e9s de Val\u00e9rie Rocagel une conf\u00e9rence\u00a0le [&hellip;]<\/p>\n","protected":false},"author":2,"featured_media":0,"parent":0,"menu_order":0,"comment_status":"closed","ping_status":"closed","template":"","meta":{"_et_pb_use_builder":"on","_et_pb_old_content":"","_et_gb_content_width":"","footnotes":""},"class_list":["post-134","page","type-page","status-publish","hentry"],"_links":{"self":[{"href":"https:\/\/level8learning.fr\/index.php?rest_route=\/wp\/v2\/pages\/134","targetHints":{"allow":["GET"]}}],"collection":[{"href":"https:\/\/level8learning.fr\/index.php?rest_route=\/wp\/v2\/pages"}],"about":[{"href":"https:\/\/level8learning.fr\/index.php?rest_route=\/wp\/v2\/types\/page"}],"author":[{"embeddable":true,"href":"https:\/\/level8learning.fr\/index.php?rest_route=\/wp\/v2\/users\/2"}],"replies":[{"embeddable":true,"href":"https:\/\/level8learning.fr\/index.php?rest_route=%2Fwp%2Fv2%2Fcomments&post=134"}],"version-history":[{"count":17,"href":"https:\/\/level8learning.fr\/index.php?rest_route=\/wp\/v2\/pages\/134\/revisions"}],"predecessor-version":[{"id":505,"href":"https:\/\/level8learning.fr\/index.php?rest_route=\/wp\/v2\/pages\/134\/revisions\/505"}],"wp:attachment":[{"href":"https:\/\/level8learning.fr\/index.php?rest_route=%2Fwp%2Fv2%2Fmedia&parent=134"}],"curies":[{"name":"wp","href":"https:\/\/api.w.org\/{rel}","templated":true}]}}